{"id":19054,"date":"2025-01-27T14:47:00","date_gmt":"2025-01-27T13:47:01","guid":{"rendered":"https:\/\/up-jesuscasla.com\/?post_type=product&#038;p=19054"},"modified":"2025-03-11T16:01:05","modified_gmt":"2025-03-11T15:01:05","slug":"il-ciclo-mestruale-e-i-suoi-sintomi-copia","status":"publish","type":"product","link":"https:\/\/up-jesuscasla.com\/it\/prodotto\/il-ciclo-mestruale-e-i-suoi-sintomi-copia\/","title":{"rendered":"Il ciclo mestruale e i suoi sintomi (copia)"},"content":{"rendered":"<p>La donna che affronta qualunque anomalia o sintomo connesso al suo ciclo mestruale, deve prendere coscienza di quali siano stati l\u2019ambiente, le circostanze e i conflitti che ha assorbito lungo la sua permanenza in utero e durante la sua infanzia. Deve osservare e comprendere quali modelli e riferimenti abbiano potuto lasciare un\u2019impronta emotiva profonda in lei, perch\u00e9 il vissuto e le esperienze della prima parte dell\u2019esistenza, lasciano impronte indelebili che definiscono e possono giungere a condizionare la vita.<\/p>\n<p>Attraverso la comprensione biologica ed emozionale del suo ciclo mestruale, la donna \u00e8 in condizione di riesaminare, correggere e dissolvere quegli schemi imposti che le impediscono di riconoscersi, darsi valore e rispettarsi come donna, come madre e come compagna.<\/p>\n<p>Il ciclo mestruale offre un resoconto obiettivo e sincero di come la donna vive la sua femminilit\u00e0. Tutto ci\u00f2 che accade durante il ciclo mestruale e la mestruazione riflette come affronta e vive la vita. Il ciclo mestruale riflette come uno specchio tutti gli aspetti pi\u00f9 profondi di una donna. La connette con la sua essenza pi\u00f9 intima e pi\u00f9 vera.<\/p>\n<h3 class=\"module-title\">PROGRAMMA<\/h3>\n<ul>\n<li>La mestruazione.\n<ul>\n<li style=\"list-style-type: none;\">\n<ul>\n<li>Specchio emozionale.<\/li>\n<li>Processo biologico.<\/li>\n<li>L\u2019infanzia.\n<ul>\n<li>Ambiente familiare.<\/li>\n<li>Norme intrafamiliari.<\/li>\n<li>Norme sociali.<\/li>\n<\/ul>\n<\/li>\n<\/ul>\n<\/li>\n<li>Decodifica biologica ed emozionale.\n<ul>\n<li>Menarca.\n<ul>\n<li>Precoce.<\/li>\n<li>Tardivo.<\/li>\n<\/ul>\n<\/li>\n<li>Menopausa.<\/li>\n<li>Sintomi del ciclo mestruale.\n<ul>\n<li>Dismenorrea.<\/li>\n<li>Sindrome premestruale.<\/li>\n<li>Disturbo disforico premestruale.<\/li>\n<li>Amenorrea.<\/li>\n<li>Menorragia.<\/li>\n<li>Metrorragia.<\/li>\n<li>Intermestruorragia intermittente.\n<ul>\n<li>Disovulia.<\/li>\n<li>Spotting.<\/li>\n<li>Sinusorragia.<\/li>\n<\/ul>\n<\/li>\n<\/ul>\n<\/li>\n<\/ul>\n<\/li>\n<\/ul>\n<\/li>\n<\/ul>\n","protected":false},"excerpt":{"rendered":"<p>Il ciclo mestruale offre un resoconto obiettivo e sincero di come la donna vive la sua femminilit\u00e0. Tutto ci\u00f2 che accade durante il ciclo mestruale e la mestruazione riflette come affronta e vive la vita.<\/p>\n<p>Il ciclo mestruale riflette come uno specchio tutti gli aspetti pi\u00f9 profondi di una donna. La connette con la sua essenza pi\u00f9 intima e pi\u00f9 vera.<\/p>\n","protected":false},"featured_media":17063,"template":"","meta":{"pmpro_default_level":"","site-sidebar-layout":"default","site-content-layout":"default","ast-site-content-layout":"default","site-content-style":"default","site-sidebar-style":"default","ast-global-header-display":"","ast-banner-title-visibility":"","ast-main-header-display":"","ast-hfb-above-header-display":"","ast-hfb-below-header-display":"","ast-hfb-mobile-header-display":"","site-post-title":"","ast-breadcrumbs-content":"","ast-featured-img":"","footer-sml-layout":"","theme-transparent-header-meta":"default","adv-header-id-meta":"","stick-header-meta":"","header-above-stick-meta":"","header-main-stick-meta":"","header-below-stick-meta":"","astra-migrate-meta-layouts":"set","ast-page-background-enabled":"default","ast-page-background-meta":{"desktop":{"background-color":"var(--ast-global-color-4)","background-image":"","background-repeat":"repeat","background-position":"center center","background-size":"auto","background-attachment":"scroll","background-type":"","background-media":"","overlay-type":"","overlay-color":"","overlay-opacity":"","overlay-gradient":""},"tablet":{"background-color":"","background-image":"","background-repeat":"repeat","background-position":"center center","background-size":"auto","background-attachment":"scroll","background-type":"","background-media":"","overlay-type":"","overlay-color":"","overlay-opacity":"","overlay-gradient":""},"mobile":{"background-color":"","background-image":"","background-repeat":"repeat","background-position":"center center","background-size":"auto","background-attachment":"scroll","background-type":"","background-media":"","overlay-type":"","overlay-color":"","overlay-opacity":"","overlay-gradient":""}},"ast-content-background-meta":{"desktop":{"background-color":"var(--ast-global-color-5)","background-image":"","background-repeat":"repeat","background-position":"center center","background-size":"auto","background-attachment":"scroll","background-type":"","background-media":"","overlay-type":"","overlay-color":"","overlay-opacity":"","overlay-gradient":""},"tablet":{"background-color":"var(--ast-global-color-5)","background-image":"","background-repeat":"repeat","background-position":"center center","background-size":"auto","background-attachment":"scroll","background-type":"","background-media":"","overlay-type":"","overlay-color":"","overlay-opacity":"","overlay-gradient":""},"mobile":{"background-color":"var(--ast-global-color-5)","background-image":"","background-repeat":"repeat","background-position":"center center","background-size":"auto","background-attachment":"scroll","background-type":"","background-media":"","overlay-type":"","overlay-color":"","overlay-opacity":"","overlay-gradient":""}}},"product_cat":[],"product_tag":[],"class_list":{"0":"post-19054","1":"product","2":"type-product","3":"status-publish","4":"has-post-thumbnail","6":"pmpro-has-access","7":"desktop-align-left","8":"tablet-align-left","9":"mobile-align-left","11":"first","12":"instock","13":"virtual","14":"taxable","15":"purchasable","16":"product-type-simple"},"yoast_head":"<!-- This site is optimized with the Yoast SEO plugin v23.4 - https:\/\/yoast.com\/wordpress\/plugins\/seo\/ -->\n<title>Il ciclo mestruale e i suoi sintomi - DBR Institute APS<\/title>\n<meta name=\"description\" content=\"Il ciclo mestruale offre un riflesso oggettivo e onesto di come una donna vive la sua femminilit\u00e0. Tutto ci\u00f2 che accade intorno al ciclo mestruale e alle mestruazioni riflette come lei affronta e sente la vita.\" \/>\n<meta name=\"robots\" content=\"index, follow, max-snippet:-1, max-image-preview:large, max-video-preview:-1\" \/>\n<link rel=\"canonical\" href=\"https:\/\/up-jesuscasla.com\/it\/prodotto\/il-ciclo-mestruale-e-i-suoi-sintomi-copia\/\" \/>\n<meta name=\"twitter:card\" content=\"summary_large_image\" \/>\n<meta name=\"twitter:title\" content=\"Il ciclo mestruale e i suoi sintomi - DBR Institute APS\" \/>\n<meta name=\"twitter:description\" content=\"Il ciclo mestruale offre un riflesso oggettivo e onesto di come una donna vive la sua femminilit\u00e0. Tutto ci\u00f2 che accade intorno al ciclo mestruale e alle mestruazioni riflette come lei affronta e sente la vita.\" \/>\n<meta name=\"twitter:image\" content=\"https:\/\/up-jesuscasla.com\/wp-content\/uploads\/2022\/02\/BOX-formazione-ciclo.png\" \/>\n<meta name=\"twitter:label1\" content=\"Tempo di lettura stimato\" \/>\n\t<meta name=\"twitter:data1\" content=\"2 minuti\" \/>\n<script type=\"application\/ld+json\" class=\"yoast-schema-graph\">{\"@context\":\"https:\/\/schema.org\",\"@graph\":[{\"@type\":\"WebPage\",\"@id\":\"https:\/\/up-jesuscasla.com\/it\/prodotto\/il-ciclo-mestruale-e-i-suoi-sintomi-copia\/\",\"url\":\"https:\/\/up-jesuscasla.com\/it\/prodotto\/il-ciclo-mestruale-e-i-suoi-sintomi-copia\/\",\"name\":\"Il ciclo mestruale e i suoi sintomi - DBR Institute APS\",\"isPartOf\":{\"@id\":\"https:\/\/up-jesuscasla.com\/#website\"},\"primaryImageOfPage\":{\"@id\":\"https:\/\/up-jesuscasla.com\/it\/prodotto\/il-ciclo-mestruale-e-i-suoi-sintomi-copia\/#primaryimage\"},\"image\":{\"@id\":\"https:\/\/up-jesuscasla.com\/it\/prodotto\/il-ciclo-mestruale-e-i-suoi-sintomi-copia\/#primaryimage\"},\"thumbnailUrl\":\"https:\/\/up-jesuscasla.com\/wp-content\/uploads\/2022\/02\/BOX-formazione-ciclo.png\",\"datePublished\":\"2025-01-27T13:47:01+00:00\",\"dateModified\":\"2025-03-11T15:01:05+00:00\",\"description\":\"Il ciclo mestruale offre un riflesso oggettivo e onesto di come una donna vive la sua femminilit\u00e0. Tutto ci\u00f2 che accade intorno al ciclo mestruale e alle mestruazioni riflette come lei affronta e sente la vita.\",\"breadcrumb\":{\"@id\":\"https:\/\/up-jesuscasla.com\/it\/prodotto\/il-ciclo-mestruale-e-i-suoi-sintomi-copia\/#breadcrumb\"},\"inLanguage\":\"it-IT\",\"potentialAction\":[{\"@type\":\"ReadAction\",\"target\":[\"https:\/\/up-jesuscasla.com\/it\/prodotto\/il-ciclo-mestruale-e-i-suoi-sintomi-copia\/\"]}]},{\"@type\":\"ImageObject\",\"inLanguage\":\"it-IT\",\"@id\":\"https:\/\/up-jesuscasla.com\/it\/prodotto\/il-ciclo-mestruale-e-i-suoi-sintomi-copia\/#primaryimage\",\"url\":\"https:\/\/up-jesuscasla.com\/wp-content\/uploads\/2022\/02\/BOX-formazione-ciclo.png\",\"contentUrl\":\"https:\/\/up-jesuscasla.com\/wp-content\/uploads\/2022\/02\/BOX-formazione-ciclo.png\",\"width\":475,\"height\":475,\"caption\":\"Seminarios El ciclo menstrual y sus s\u00edntomas\"},{\"@type\":\"BreadcrumbList\",\"@id\":\"https:\/\/up-jesuscasla.com\/it\/prodotto\/il-ciclo-mestruale-e-i-suoi-sintomi-copia\/#breadcrumb\",\"itemListElement\":[{\"@type\":\"ListItem\",\"position\":1,\"name\":\"Portada\",\"item\":\"https:\/\/up-jesuscasla.com\/it\/\"},{\"@type\":\"ListItem\",\"position\":2,\"name\":\"Negozio\",\"item\":\"https:\/\/up-jesuscasla.com\/it\/negozio\/\"},{\"@type\":\"ListItem\",\"position\":3,\"name\":\"Il ciclo mestruale e i suoi sintomi (copia)\"}]},{\"@type\":\"WebSite\",\"@id\":\"https:\/\/up-jesuscasla.com\/#website\",\"url\":\"https:\/\/up-jesuscasla.com\/\",\"name\":\"DBR Institute APS\",\"description\":\"Escuela para terapeutas \u2013 consultores y especialistas de DESCODIFICACI\u00d3N BIOL\u00d3GICA REPARADORA\u00ae\",\"publisher\":{\"@id\":\"https:\/\/up-jesuscasla.com\/#organization\"},\"potentialAction\":[{\"@type\":\"SearchAction\",\"target\":{\"@type\":\"EntryPoint\",\"urlTemplate\":\"https:\/\/up-jesuscasla.com\/?s={search_term_string}\"},\"query-input\":{\"@type\":\"PropertyValueSpecification\",\"valueRequired\":true,\"valueName\":\"search_term_string\"}}],\"inLanguage\":\"it-IT\"},{\"@type\":\"Organization\",\"@id\":\"https:\/\/up-jesuscasla.com\/#organization\",\"name\":\"DBR Institute APS\",\"url\":\"https:\/\/up-jesuscasla.com\/\",\"logo\":{\"@type\":\"ImageObject\",\"inLanguage\":\"it-IT\",\"@id\":\"https:\/\/up-jesuscasla.com\/#\/schema\/logo\/image\/\",\"url\":\"http:\/\/up-jesuscasla.com\/wp-content\/uploads\/2021\/01\/cropped-logo-dbr-aps.png\",\"contentUrl\":\"http:\/\/up-jesuscasla.com\/wp-content\/uploads\/2021\/01\/cropped-logo-dbr-aps.png\",\"width\":560,\"height\":452,\"caption\":\"DBR Institute APS\"},\"image\":{\"@id\":\"https:\/\/up-jesuscasla.com\/#\/schema\/logo\/image\/\"},\"sameAs\":[\"https:\/\/www.facebook.com\/DBRCasla\"]}]}<\/script>\n<!-- \/ Yoast SEO plugin. -->","yoast_head_json":{"title":"Il ciclo mestruale e i suoi sintomi - DBR Institute APS","description":"Il ciclo mestruale offre un riflesso oggettivo e onesto di come una donna vive la sua femminilit\u00e0. Tutto ci\u00f2 che accade intorno al ciclo mestruale e alle mestruazioni riflette come lei affronta e sente la vita.","robots":{"index":"index","follow":"follow","max-snippet":"max-snippet:-1","max-image-preview":"max-image-preview:large","max-video-preview":"max-video-preview:-1"},"canonical":"https:\/\/up-jesuscasla.com\/it\/prodotto\/il-ciclo-mestruale-e-i-suoi-sintomi-copia\/","twitter_card":"summary_large_image","twitter_title":"Il ciclo mestruale e i suoi sintomi - DBR Institute APS","twitter_description":"Il ciclo mestruale offre un riflesso oggettivo e onesto di come una donna vive la sua femminilit\u00e0. Tutto ci\u00f2 che accade intorno al ciclo mestruale e alle mestruazioni riflette come lei affronta e sente la vita.","twitter_image":"https:\/\/up-jesuscasla.com\/wp-content\/uploads\/2022\/02\/BOX-formazione-ciclo.png","twitter_misc":{"Tempo di lettura stimato":"2 minuti"},"schema":{"@context":"https:\/\/schema.org","@graph":[{"@type":"WebPage","@id":"https:\/\/up-jesuscasla.com\/it\/prodotto\/il-ciclo-mestruale-e-i-suoi-sintomi-copia\/","url":"https:\/\/up-jesuscasla.com\/it\/prodotto\/il-ciclo-mestruale-e-i-suoi-sintomi-copia\/","name":"Il ciclo mestruale e i suoi sintomi - DBR Institute APS","isPartOf":{"@id":"https:\/\/up-jesuscasla.com\/#website"},"primaryImageOfPage":{"@id":"https:\/\/up-jesuscasla.com\/it\/prodotto\/il-ciclo-mestruale-e-i-suoi-sintomi-copia\/#primaryimage"},"image":{"@id":"https:\/\/up-jesuscasla.com\/it\/prodotto\/il-ciclo-mestruale-e-i-suoi-sintomi-copia\/#primaryimage"},"thumbnailUrl":"https:\/\/up-jesuscasla.com\/wp-content\/uploads\/2022\/02\/BOX-formazione-ciclo.png","datePublished":"2025-01-27T13:47:01+00:00","dateModified":"2025-03-11T15:01:05+00:00","description":"Il ciclo mestruale offre un riflesso oggettivo e onesto di come una donna vive la sua femminilit\u00e0. Tutto ci\u00f2 che accade intorno al ciclo mestruale e alle mestruazioni riflette come lei affronta e sente la vita.","breadcrumb":{"@id":"https:\/\/up-jesuscasla.com\/it\/prodotto\/il-ciclo-mestruale-e-i-suoi-sintomi-copia\/#breadcrumb"},"inLanguage":"it-IT","potentialAction":[{"@type":"ReadAction","target":["https:\/\/up-jesuscasla.com\/it\/prodotto\/il-ciclo-mestruale-e-i-suoi-sintomi-copia\/"]}]},{"@type":"ImageObject","inLanguage":"it-IT","@id":"https:\/\/up-jesuscasla.com\/it\/prodotto\/il-ciclo-mestruale-e-i-suoi-sintomi-copia\/#primaryimage","url":"https:\/\/up-jesuscasla.com\/wp-content\/uploads\/2022\/02\/BOX-formazione-ciclo.png","contentUrl":"https:\/\/up-jesuscasla.com\/wp-content\/uploads\/2022\/02\/BOX-formazione-ciclo.png","width":475,"height":475,"caption":"Seminarios El ciclo menstrual y sus s\u00edntomas"},{"@type":"BreadcrumbList","@id":"https:\/\/up-jesuscasla.com\/it\/prodotto\/il-ciclo-mestruale-e-i-suoi-sintomi-copia\/#breadcrumb","itemListElement":[{"@type":"ListItem","position":1,"name":"Portada","item":"https:\/\/up-jesuscasla.com\/it\/"},{"@type":"ListItem","position":2,"name":"Negozio","item":"https:\/\/up-jesuscasla.com\/it\/negozio\/"},{"@type":"ListItem","position":3,"name":"Il ciclo mestruale e i suoi sintomi (copia)"}]},{"@type":"WebSite","@id":"https:\/\/up-jesuscasla.com\/#website","url":"https:\/\/up-jesuscasla.com\/","name":"DBR Institute APS","description":"Escuela para terapeutas \u2013 consultores y especialistas de DESCODIFICACI\u00d3N BIOL\u00d3GICA REPARADORA\u00ae","publisher":{"@id":"https:\/\/up-jesuscasla.com\/#organization"},"potentialAction":[{"@type":"SearchAction","target":{"@type":"EntryPoint","urlTemplate":"https:\/\/up-jesuscasla.com\/?s={search_term_string}"},"query-input":{"@type":"PropertyValueSpecification","valueRequired":true,"valueName":"search_term_string"}}],"inLanguage":"it-IT"},{"@type":"Organization","@id":"https:\/\/up-jesuscasla.com\/#organization","name":"DBR Institute APS","url":"https:\/\/up-jesuscasla.com\/","logo":{"@type":"ImageObject","inLanguage":"it-IT","@id":"https:\/\/up-jesuscasla.com\/#\/schema\/logo\/image\/","url":"http:\/\/up-jesuscasla.com\/wp-content\/uploads\/2021\/01\/cropped-logo-dbr-aps.png","contentUrl":"http:\/\/up-jesuscasla.com\/wp-content\/uploads\/2021\/01\/cropped-logo-dbr-aps.png","width":560,"height":452,"caption":"DBR Institute APS"},"image":{"@id":"https:\/\/up-jesuscasla.com\/#\/schema\/logo\/image\/"},"sameAs":["https:\/\/www.facebook.com\/DBRCasla"]}]}},"_links":{"self":[{"href":"https:\/\/up-jesuscasla.com\/it\/wp-json\/wp\/v2\/product\/19054"}],"collection":[{"href":"https:\/\/up-jesuscasla.com\/it\/wp-json\/wp\/v2\/product"}],"about":[{"href":"https:\/\/up-jesuscasla.com\/it\/wp-json\/wp\/v2\/types\/product"}],"wp:featuredmedia":[{"embeddable":true,"href":"https:\/\/up-jesuscasla.com\/it\/wp-json\/wp\/v2\/media\/17063"}],"wp:attachment":[{"href":"https:\/\/up-jesuscasla.com\/it\/wp-json\/wp\/v2\/media?parent=19054"}],"wp:term":[{"taxonomy":"product_cat","embeddable":true,"href":"https:\/\/up-jesuscasla.com\/it\/wp-json\/wp\/v2\/product_cat?post=19054"},{"taxonomy":"product_tag","embeddable":true,"href":"https:\/\/up-jesuscasla.com\/it\/wp-json\/wp\/v2\/product_tag?post=19054"}],"curies":[{"name":"wp","href":"https:\/\/api.w.org\/{rel}","templated":true}]}}