{"id":17346,"date":"2022-02-23T15:09:09","date_gmt":"2022-02-23T14:09:09","guid":{"rendered":"http:\/\/up-jesuscasla.com\/?post_type=product&#038;p=17346"},"modified":"2024-10-28T10:55:01","modified_gmt":"2024-10-28T09:55:01","slug":"modulo-3-impronte-emozionali-dellinfanzia","status":"publish","type":"product","link":"https:\/\/up-jesuscasla.com\/it\/prodotto\/modulo-3-impronte-emozionali-dellinfanzia\/","title":{"rendered":"Modulo 3 &#8211; Impronte emozionali dell\u2019infanzia"},"content":{"rendered":"<p>Alla memoria transgenerazionale e alla memoria della vita uterina si incorpora il ricordo della nostra prima infanzia a partire dalla nascita e durante la fase iniziale della nostra vita, in base a tutto ci\u00f2 che sentiamo, sperimentiamo, osserviamo e apprendiamo dall\u2019ambiente familiare e dai nostri genitori, sia che esso si riferisca al loro rapporto di coppia, sia che si riferisca al rapporto che mantengono con noi, congiuntamente o separatamente. L\u2019ambiente familiare e la relazione affettiva tra genitori e con i genitori sono essenziali per lo sviluppo del bambino perch\u00e9 costituiscono il primo riferimento che viene assimilato, con ripercussioni successive sui rapporti affettivi della vita adulta. L\u2019ambiente ci condiziona e segner\u00e0 aspetti tanto importanti quali la nostra affettivit\u00e0, autostima e fiducia nei confronti degli altri.<\/p>\n<blockquote><p>Le ferite emotive pi\u00f9 traumatiche che riceviamo durante tutta la vita sono precisamente quelle che ci feriscono nella fase uterina e nella prima infanzia.<br \/>\nNei primi anni di vita ci manca l\u2019esperienza e la capacit\u00e0 di comprendere e gestire le circostanze scatenate da ci\u00f2 che ci disturba: sentiamo semplicemente l\u2019assenza, la distanza o la mancanza affettiva da parte dei genitori. Questo ci provoca ferite emotive che probabilmente nessuno in seguito curer\u00e0, sebbene potrebbero durare per sempre nel nostro inconscio.<\/p><\/blockquote>\n<p>Il ruolo materno plasma la nostra sensibilit\u00e0, mentre il ruolo paterno la forza e la sicurezza. Da come i nostri genitori rappresenteranno questi ruoli dipender\u00e0 il nostro processo di maturazione e il tipo di vincoli affettivi che manterremo all\u2019interno del clan e al suo esterno durante la vita adulta, perch\u00e9 possono sorgere proiezioni inconsce verso la coppia con un intento non cosciente di sanare quelle ferite che continuano a restare aperte sin dall\u2019infanzia.<\/p>\n<blockquote><p>Spesso non conosciamo il nostro potenziale e le nostre risorse interne a causa delle convinzioni assunte all\u2019inizio della vita o perch\u00e9 non abbiamo mai osato o ci \u00e8 stato impedito di usare le nostre capacit\u00e0.<\/p><\/blockquote>\n<p>Quando all\u2019 interno del clan o della famiglia di appartenenza ci viene assegnato un ruolo e ci fanno credere che assolverlo sia il nostro vero ed unico scopo \u00e8 possibile che non scopriremo mai la nostra vera identit\u00e0 e il nostro potenziale.<\/p>\n<p>Comprendere le ferite emotive impresse nell\u2019infanzia e l\u2019impronta che hanno lasciato nel nostro inconscio ci consente di acquisire il livello di consapevolezza necessario per chiarire quali modelli, codici e progetti abbiamo assimilato dai genitori e dall\u2019ambiente familiare, per comprendere pienamente noi stessi come non abbiamo mai fatto prima d\u2019ora. A partire da qui possiamo liberarci dai legami e prendere il controllo della nostra vita.<\/p>\n","protected":false},"excerpt":{"rendered":"<p>DATA DI INIZIO<\/p>\n<table style=\"border: hidden; font-family: montserrat; font-size: 15px; font-weight: 600; color: #28395b; line-height: 8px;\">\n<tbody style=\"border: hidden;\">\n<tr style=\"border: hidden;\">\n<td style=\"border: hidden;\">27 &#8211; 28 maggio (2023)<\/td>\n<\/tr>\n<tr style=\"border: hidden;\">\n<td style=\"border: hidden;\"><\/td>\n<\/tr>\n<\/tbody>\n<\/table>\n","protected":false},"featured_media":17331,"template":"","meta":{"pmpro_default_level":"","site-sidebar-layout":"no-sidebar","site-content-layout":"page-builder","ast-site-content-layout":"full-width-container","site-content-style":"unboxed","site-sidebar-style":"unboxed","ast-global-header-display":"","ast-banner-title-visibility":"","ast-main-header-display":"","ast-hfb-above-header-display":"","ast-hfb-below-header-display":"","ast-hfb-mobile-header-display":"","site-post-title":"disabled","ast-breadcrumbs-content":"","ast-featured-img":"disabled","footer-sml-layout":"","theme-transparent-header-meta":"default","adv-header-id-meta":"","stick-header-meta":"","header-above-stick-meta":"","header-main-stick-meta":"","header-below-stick-meta":"","astra-migrate-meta-layouts":"set","ast-page-background-enabled":"default","ast-page-background-meta":{"desktop":{"background-color":"var(--ast-global-color-4)","background-image":"","background-repeat":"repeat","background-position":"center center","background-size":"auto","background-attachment":"scroll","background-type":"","background-media":"","overlay-type":"","overlay-color":"","overlay-opacity":"","overlay-gradient":""},"tablet":{"background-color":"","background-image":"","background-repeat":"repeat","background-position":"center center","background-size":"auto","background-attachment":"scroll","background-type":"","background-media":"","overlay-type":"","overlay-color":"","overlay-opacity":"","overlay-gradient":""},"mobile":{"background-color":"","background-image":"","background-repeat":"repeat","background-position":"center center","background-size":"auto","background-attachment":"scroll","background-type":"","background-media":"","overlay-type":"","overlay-color":"","overlay-opacity":"","overlay-gradient":""}},"ast-content-background-meta":{"desktop":{"background-color":"var(--ast-global-color-5)","background-image":"","background-repeat":"repeat","background-position":"center center","background-size":"auto","background-attachment":"scroll","background-type":"","background-media":"","overlay-type":"","overlay-color":"","overlay-opacity":"","overlay-gradient":""},"tablet":{"background-color":"var(--ast-global-color-5)","background-image":"","background-repeat":"repeat","background-position":"center center","background-size":"auto","background-attachment":"scroll","background-type":"","background-media":"","overlay-type":"","overlay-color":"","overlay-opacity":"","overlay-gradient":""},"mobile":{"background-color":"var(--ast-global-color-5)","background-image":"","background-repeat":"repeat","background-position":"center center","background-size":"auto","background-attachment":"scroll","background-type":"","background-media":"","overlay-type":"","overlay-color":"","overlay-opacity":"","overlay-gradient":""}}},"product_cat":[411],"product_tag":[],"class_list":{"0":"post-17346","1":"product","2":"type-product","3":"status-publish","4":"has-post-thumbnail","6":"product_cat-moduli-in-diretta","7":"pmpro-has-access","8":"desktop-align-left","9":"tablet-align-left","10":"mobile-align-left","12":"first","13":"outofstock","14":"virtual","15":"taxable","16":"purchasable","17":"product-type-simple"},"yoast_head":"<!-- This site is optimized with the Yoast SEO plugin v23.4 - https:\/\/yoast.com\/wordpress\/plugins\/seo\/ -->\n<title>Impronte emotive del corso d&#039;infanzia - DBR Institute APS<\/title>\n<meta name=\"description\" content=\"Segui il corso Tracce emozionali dell&#039;infanzia. Un modulo della nostra formazione che vi aiuter\u00e0 a comprendere il nostro io interiore\" \/>\n<meta name=\"robots\" content=\"index, follow, max-snippet:-1, max-image-preview:large, max-video-preview:-1\" \/>\n<link rel=\"canonical\" href=\"https:\/\/up-jesuscasla.com\/it\/prodotto\/modulo-3-impronte-emozionali-dellinfanzia\/\" \/>\n<meta name=\"twitter:card\" content=\"summary_large_image\" \/>\n<meta name=\"twitter:title\" content=\"Impronte emotive del corso d&#039;infanzia - DBR Institute APS\" \/>\n<meta name=\"twitter:description\" content=\"Segui il corso Tracce emozionali dell&#039;infanzia. Un modulo della nostra formazione che vi aiuter\u00e0 a comprendere il nostro io interiore\" \/>\n<meta name=\"twitter:image\" content=\"https:\/\/up-jesuscasla.com\/wp-content\/uploads\/2022\/02\/Mod-IT-3.png\" \/>\n<meta name=\"twitter:label1\" content=\"Tempo di lettura stimato\" \/>\n\t<meta name=\"twitter:data1\" content=\"2 minuti\" \/>\n<script type=\"application\/ld+json\" class=\"yoast-schema-graph\">{\"@context\":\"https:\/\/schema.org\",\"@graph\":[{\"@type\":\"WebPage\",\"@id\":\"https:\/\/up-jesuscasla.com\/it\/prodotto\/modulo-3-impronte-emozionali-dellinfanzia\/\",\"url\":\"https:\/\/up-jesuscasla.com\/it\/prodotto\/modulo-3-impronte-emozionali-dellinfanzia\/\",\"name\":\"Impronte emotive del corso d'infanzia - DBR Institute APS\",\"isPartOf\":{\"@id\":\"https:\/\/up-jesuscasla.com\/#website\"},\"primaryImageOfPage\":{\"@id\":\"https:\/\/up-jesuscasla.com\/it\/prodotto\/modulo-3-impronte-emozionali-dellinfanzia\/#primaryimage\"},\"image\":{\"@id\":\"https:\/\/up-jesuscasla.com\/it\/prodotto\/modulo-3-impronte-emozionali-dellinfanzia\/#primaryimage\"},\"thumbnailUrl\":\"https:\/\/up-jesuscasla.com\/wp-content\/uploads\/2022\/02\/Mod-IT-3.png\",\"datePublished\":\"2022-02-23T14:09:09+00:00\",\"dateModified\":\"2024-10-28T09:55:01+00:00\",\"description\":\"Segui il corso Tracce emozionali dell'infanzia. Un modulo della nostra formazione che vi aiuter\u00e0 a comprendere il nostro io interiore\",\"breadcrumb\":{\"@id\":\"https:\/\/up-jesuscasla.com\/it\/prodotto\/modulo-3-impronte-emozionali-dellinfanzia\/#breadcrumb\"},\"inLanguage\":\"it-IT\",\"potentialAction\":[{\"@type\":\"ReadAction\",\"target\":[\"https:\/\/up-jesuscasla.com\/it\/prodotto\/modulo-3-impronte-emozionali-dellinfanzia\/\"]}]},{\"@type\":\"ImageObject\",\"inLanguage\":\"it-IT\",\"@id\":\"https:\/\/up-jesuscasla.com\/it\/prodotto\/modulo-3-impronte-emozionali-dellinfanzia\/#primaryimage\",\"url\":\"https:\/\/up-jesuscasla.com\/wp-content\/uploads\/2022\/02\/Mod-IT-3.png\",\"contentUrl\":\"https:\/\/up-jesuscasla.com\/wp-content\/uploads\/2022\/02\/Mod-IT-3.png\",\"width\":500,\"height\":500},{\"@type\":\"BreadcrumbList\",\"@id\":\"https:\/\/up-jesuscasla.com\/it\/prodotto\/modulo-3-impronte-emozionali-dellinfanzia\/#breadcrumb\",\"itemListElement\":[{\"@type\":\"ListItem\",\"position\":1,\"name\":\"Portada\",\"item\":\"https:\/\/up-jesuscasla.com\/it\/\"},{\"@type\":\"ListItem\",\"position\":2,\"name\":\"Negozio\",\"item\":\"https:\/\/up-jesuscasla.com\/it\/negozio\/\"},{\"@type\":\"ListItem\",\"position\":3,\"name\":\"Modulo 3 &#8211; Impronte emozionali dell\u2019infanzia\"}]},{\"@type\":\"WebSite\",\"@id\":\"https:\/\/up-jesuscasla.com\/#website\",\"url\":\"https:\/\/up-jesuscasla.com\/\",\"name\":\"DBR Institute APS\",\"description\":\"Escuela para terapeutas \u2013 consultores y especialistas de DESCODIFICACI\u00d3N BIOL\u00d3GICA REPARADORA\u00ae\",\"publisher\":{\"@id\":\"https:\/\/up-jesuscasla.com\/#organization\"},\"potentialAction\":[{\"@type\":\"SearchAction\",\"target\":{\"@type\":\"EntryPoint\",\"urlTemplate\":\"https:\/\/up-jesuscasla.com\/?s={search_term_string}\"},\"query-input\":{\"@type\":\"PropertyValueSpecification\",\"valueRequired\":true,\"valueName\":\"search_term_string\"}}],\"inLanguage\":\"it-IT\"},{\"@type\":\"Organization\",\"@id\":\"https:\/\/up-jesuscasla.com\/#organization\",\"name\":\"DBR Institute APS\",\"url\":\"https:\/\/up-jesuscasla.com\/\",\"logo\":{\"@type\":\"ImageObject\",\"inLanguage\":\"it-IT\",\"@id\":\"https:\/\/up-jesuscasla.com\/#\/schema\/logo\/image\/\",\"url\":\"http:\/\/up-jesuscasla.com\/wp-content\/uploads\/2021\/01\/cropped-logo-dbr-aps.png\",\"contentUrl\":\"http:\/\/up-jesuscasla.com\/wp-content\/uploads\/2021\/01\/cropped-logo-dbr-aps.png\",\"width\":560,\"height\":452,\"caption\":\"DBR Institute APS\"},\"image\":{\"@id\":\"https:\/\/up-jesuscasla.com\/#\/schema\/logo\/image\/\"},\"sameAs\":[\"https:\/\/www.facebook.com\/DBRCasla\"]}]}<\/script>\n<!-- \/ Yoast SEO plugin. -->","yoast_head_json":{"title":"Impronte emotive del corso d'infanzia - DBR Institute APS","description":"Segui il corso Tracce emozionali dell'infanzia. Un modulo della nostra formazione che vi aiuter\u00e0 a comprendere il nostro io interiore","robots":{"index":"index","follow":"follow","max-snippet":"max-snippet:-1","max-image-preview":"max-image-preview:large","max-video-preview":"max-video-preview:-1"},"canonical":"https:\/\/up-jesuscasla.com\/it\/prodotto\/modulo-3-impronte-emozionali-dellinfanzia\/","twitter_card":"summary_large_image","twitter_title":"Impronte emotive del corso d'infanzia - DBR Institute APS","twitter_description":"Segui il corso Tracce emozionali dell'infanzia. Un modulo della nostra formazione che vi aiuter\u00e0 a comprendere il nostro io interiore","twitter_image":"https:\/\/up-jesuscasla.com\/wp-content\/uploads\/2022\/02\/Mod-IT-3.png","twitter_misc":{"Tempo di lettura stimato":"2 minuti"},"schema":{"@context":"https:\/\/schema.org","@graph":[{"@type":"WebPage","@id":"https:\/\/up-jesuscasla.com\/it\/prodotto\/modulo-3-impronte-emozionali-dellinfanzia\/","url":"https:\/\/up-jesuscasla.com\/it\/prodotto\/modulo-3-impronte-emozionali-dellinfanzia\/","name":"Impronte emotive del corso d'infanzia - DBR Institute APS","isPartOf":{"@id":"https:\/\/up-jesuscasla.com\/#website"},"primaryImageOfPage":{"@id":"https:\/\/up-jesuscasla.com\/it\/prodotto\/modulo-3-impronte-emozionali-dellinfanzia\/#primaryimage"},"image":{"@id":"https:\/\/up-jesuscasla.com\/it\/prodotto\/modulo-3-impronte-emozionali-dellinfanzia\/#primaryimage"},"thumbnailUrl":"https:\/\/up-jesuscasla.com\/wp-content\/uploads\/2022\/02\/Mod-IT-3.png","datePublished":"2022-02-23T14:09:09+00:00","dateModified":"2024-10-28T09:55:01+00:00","description":"Segui il corso Tracce emozionali dell'infanzia. Un modulo della nostra formazione che vi aiuter\u00e0 a comprendere il nostro io interiore","breadcrumb":{"@id":"https:\/\/up-jesuscasla.com\/it\/prodotto\/modulo-3-impronte-emozionali-dellinfanzia\/#breadcrumb"},"inLanguage":"it-IT","potentialAction":[{"@type":"ReadAction","target":["https:\/\/up-jesuscasla.com\/it\/prodotto\/modulo-3-impronte-emozionali-dellinfanzia\/"]}]},{"@type":"ImageObject","inLanguage":"it-IT","@id":"https:\/\/up-jesuscasla.com\/it\/prodotto\/modulo-3-impronte-emozionali-dellinfanzia\/#primaryimage","url":"https:\/\/up-jesuscasla.com\/wp-content\/uploads\/2022\/02\/Mod-IT-3.png","contentUrl":"https:\/\/up-jesuscasla.com\/wp-content\/uploads\/2022\/02\/Mod-IT-3.png","width":500,"height":500},{"@type":"BreadcrumbList","@id":"https:\/\/up-jesuscasla.com\/it\/prodotto\/modulo-3-impronte-emozionali-dellinfanzia\/#breadcrumb","itemListElement":[{"@type":"ListItem","position":1,"name":"Portada","item":"https:\/\/up-jesuscasla.com\/it\/"},{"@type":"ListItem","position":2,"name":"Negozio","item":"https:\/\/up-jesuscasla.com\/it\/negozio\/"},{"@type":"ListItem","position":3,"name":"Modulo 3 &#8211; Impronte emozionali dell\u2019infanzia"}]},{"@type":"WebSite","@id":"https:\/\/up-jesuscasla.com\/#website","url":"https:\/\/up-jesuscasla.com\/","name":"DBR Institute APS","description":"Escuela para terapeutas \u2013 consultores y especialistas de DESCODIFICACI\u00d3N BIOL\u00d3GICA REPARADORA\u00ae","publisher":{"@id":"https:\/\/up-jesuscasla.com\/#organization"},"potentialAction":[{"@type":"SearchAction","target":{"@type":"EntryPoint","urlTemplate":"https:\/\/up-jesuscasla.com\/?s={search_term_string}"},"query-input":{"@type":"PropertyValueSpecification","valueRequired":true,"valueName":"search_term_string"}}],"inLanguage":"it-IT"},{"@type":"Organization","@id":"https:\/\/up-jesuscasla.com\/#organization","name":"DBR Institute APS","url":"https:\/\/up-jesuscasla.com\/","logo":{"@type":"ImageObject","inLanguage":"it-IT","@id":"https:\/\/up-jesuscasla.com\/#\/schema\/logo\/image\/","url":"http:\/\/up-jesuscasla.com\/wp-content\/uploads\/2021\/01\/cropped-logo-dbr-aps.png","contentUrl":"http:\/\/up-jesuscasla.com\/wp-content\/uploads\/2021\/01\/cropped-logo-dbr-aps.png","width":560,"height":452,"caption":"DBR Institute APS"},"image":{"@id":"https:\/\/up-jesuscasla.com\/#\/schema\/logo\/image\/"},"sameAs":["https:\/\/www.facebook.com\/DBRCasla"]}]}},"_links":{"self":[{"href":"https:\/\/up-jesuscasla.com\/it\/wp-json\/wp\/v2\/product\/17346"}],"collection":[{"href":"https:\/\/up-jesuscasla.com\/it\/wp-json\/wp\/v2\/product"}],"about":[{"href":"https:\/\/up-jesuscasla.com\/it\/wp-json\/wp\/v2\/types\/product"}],"wp:featuredmedia":[{"embeddable":true,"href":"https:\/\/up-jesuscasla.com\/it\/wp-json\/wp\/v2\/media\/17331"}],"wp:attachment":[{"href":"https:\/\/up-jesuscasla.com\/it\/wp-json\/wp\/v2\/media?parent=17346"}],"wp:term":[{"taxonomy":"product_cat","embeddable":true,"href":"https:\/\/up-jesuscasla.com\/it\/wp-json\/wp\/v2\/product_cat?post=17346"},{"taxonomy":"product_tag","embeddable":true,"href":"https:\/\/up-jesuscasla.com\/it\/wp-json\/wp\/v2\/product_tag?post=17346"}],"curies":[{"name":"wp","href":"https:\/\/api.w.org\/{rel}","templated":true}]}}