{"id":17167,"date":"2022-02-19T10:03:33","date_gmt":"2022-02-19T09:03:33","guid":{"rendered":"http:\/\/up-jesuscasla.com\/cookies\/"},"modified":"2023-10-05T09:05:49","modified_gmt":"2023-10-05T07:05:49","slug":"cookies","status":"publish","type":"page","link":"https:\/\/up-jesuscasla.com\/it\/cookies\/","title":{"rendered":"Cookies"},"content":{"rendered":"\t\t<div data-elementor-type=\"wp-page\" data-elementor-id=\"17167\" class=\"elementor elementor-17167 elementor-16949\" data-elementor-post-type=\"page\">\n\t\t\t\t\t\t<section class=\"elementor-section elementor-top-section elementor-element elementor-element-1bddf63 elementor-section-boxed elementor-section-height-default elementor-section-height-default\" data-id=\"1bddf63\" data-element_type=\"section\">\n\t\t\t\t\t\t<div class=\"elementor-container elementor-column-gap-default\">\n\t\t\t\t\t<div class=\"elementor-column elementor-col-100 elementor-top-column elementor-element elementor-element-2852213\" data-id=\"2852213\" data-element_type=\"column\">\n\t\t\t<div class=\"elementor-widget-wrap elementor-element-populated\">\n\t\t\t\t\t\t<div class=\"elementor-element elementor-element-9683bd5 elementor-widget elementor-widget-heading\" data-id=\"9683bd5\" data-element_type=\"widget\" data-widget_type=\"heading.default\">\n\t\t\t\t<div class=\"elementor-widget-container\">\n\t\t\t<h2 class=\"elementor-heading-title elementor-size-default\">Pol\u00edtica de cookies<\/h2>\t\t<\/div>\n\t\t\t\t<\/div>\n\t\t\t\t<div class=\"elementor-element elementor-element-967d798 elementor-widget elementor-widget-text-editor\" data-id=\"967d798\" data-element_type=\"widget\" data-widget_type=\"text-editor.default\">\n\t\t\t\t<div class=\"elementor-widget-container\">\n\t\t\t\t\t\t\t<div class=\"wpb_column vc_column_container vc_col-has-fill col-sm-6 instance-0\"><div class=\"vc_column-inner md_col-5b9b5ae544b56\"><div class=\"wpb_wrapper\"><div id=\"md-live-text-5b9b5ae544eb8\" class=\"md-live-text md-live-text-new gizmo-container 5b9b5ae544eb8 md-align-center\"><div class=\"live-text-container\"><div class=\"meditor meditor-responsive inline-md-editor meditor-responsive\" data-letterspace=\"0\" data-lineheight=\"1.2\"><div><p><span class=\"\"><b>DEFINICI\u00d3N Y FUNCI\u00d3N DE LAS COOKIES<\/b><\/span><\/p><div><div><div><span class=\"\">De conformidad con lo establecido en la Ley 34\/2002 de Servicios de la Sociedad de la Informaci\u00f3n y Comercio Electr\u00f3nico, le informamos que este sitio web almacena informaci\u00f3n de las direcciones IP de los ordenadores y\/o dispositivos m\u00f3viles (tablets, smartphones, etc), y utiliza Cookies con el objetivo de prestar un mejor servicio y ofrecerle una mejor experiencia en su navegaci\u00f3n.\u00a0<\/span><\/div><div><span class=\"\">\u00a0<\/span><\/div><div><span class=\"\">Las Cookies nos ayudan a identificarte (si est\u00e1s registrado en nuestro sitio web), y\/o a recordar tus preferencias durante la navegaci\u00f3n (idioma, pa\u00eds\u2026).<\/span><\/div><div><span class=\"\">\u00a0<\/span><\/div><div><span class=\"\">Las Cookies son peque\u00f1os archivos de texto que contienen informaci\u00f3n, y que se generan en el ordenador o terminal del Usuario cuando navega por el sitio web. Con la navegaci\u00f3n por esta web usted presta su consentimiento para recibir dichas Cookies. Por medio de ellas Universidad Popular Jes\u00fas Casla &#8211; DBR Institute APS s\u00f3lo obtiene y conserva la informaci\u00f3n bajo las condiciones descritas en la presente Pol\u00edtica de cookies.<\/span><\/div><div><span class=\"\">\u00a0<\/span><\/div><div><span class=\"\">La informaci\u00f3n recogida en las cookies nos permite adem\u00e1s mejorar la web, mediante estimaciones sobre n\u00fameros y patrones de uso, la adaptaci\u00f3n del sitio web a los intereses individuales de los usuarios, la aceleraci\u00f3n de las b\u00fasquedas\u2026<\/span><\/div><div><span class=\"\">\u00a0<\/span><\/div><div><span class=\"\">Aunque en la presente pol\u00edtica de cookies se utiliza el t\u00e9rmino general de \u201ccookies\u201d ya que es el principal m\u00e9todo de almacenamiento de informaci\u00f3n que utiliza nuestra web, tambi\u00e9n es utilizado el espacio de \u201cAlmacenamiento local\u201d del navegador para el mismo fin que las cookies. Por ello, toda la informaci\u00f3n incluida en esta secci\u00f3n es aplicable igualmente a este \u201cAlmacenamiento local\u201d.<\/span><\/div><\/div><\/div><div><span class=\"\">\u00a0<\/span><\/div><div><span class=\"\"><b>\u00bfQU\u00c9 TIPOS DE COOKIES UTILIZAMOS?<\/b><\/span><\/div><div><span class=\"\">Seg\u00fan el plazo de tiempo que permanecen activas:<\/span><\/div><div><ul><li>Cookies de sesi\u00f3n: Son un tipo de cookies dise\u00f1adas para recabar y almacenar datos mientras accede a nuestra web y permanecen en el archivo de cookies de su navegador hasta que abandone la p\u00e1gina. Como por ejemplo las cookies de identificaci\u00f3n.<\/li><li>Cookies persistentes: Son un tipo de cookies en el que los datos siguen almacenados en el terminal y pueden ser accedidos y tratados durante un periodo determinado de tiempo.<\/li><\/ul><p>Seg\u00fan su finalidad y la entidad que las gestiona:<\/p><ul><li>Cookies de terceros: Son aqu\u00e9llas que se env\u00edan a su ordenador o terminal desde un dominio o una p\u00e1gina web que no es gestionada por nosotros, sino por una entidad colaboradora. Como, por ejemplo, las usadas por Google quien instala cookies que nos ayudan a analizar el funcionamiento de nuestro sitio web, y mejorar la efectividad de nuestras campa\u00f1as de marketing.<\/li><\/ul><\/div><\/div><\/div><\/div><\/div><\/div><\/div><\/div><div class=\"wpb_column vc_column_container vc_col-has-fill col-sm-6 instance-1\"><div class=\"vc_column-inner md_col-5b9b5ae5450af\"><div class=\"wpb_wrapper\"><div id=\"md-live-text-5b9b5ae5452d0\" class=\"md-live-text md-live-text-new gizmo-container 5b9b5ae5452d0 md-align-center\"><div class=\"live-text-container\"><div class=\"meditor meditor-responsive inline-md-editor meditor-responsive\" data-letterspace=\"0\" data-lineheight=\"1.2\"><div><div><ul><li>Cookies de an\u00e1lisis: Son aqu\u00e9llas que bien tratadas por nosotros o por terceros, nos permiten cuantificar el n\u00famero de usuarios y realizar la medici\u00f3n y an\u00e1lisis estad\u00edstico de la utilizaci\u00f3n que hacen los usuarios de nuestra web. Para ello analizamos la navegaci\u00f3n en nuestra p\u00e1gina web con el fin de mejorar la oferta de productos o servicios que ofrecemos. Ejemplo de ello son:<\/li><li>El n\u00famero de visitantes \u00fanicos de cada p\u00e1gina \/ secci\u00f3n, que se utiliza para hacer un recuento de las veces en que el sitio es visitado por un usuario, as\u00ed como la primera y \u00faltima vez de dicha visita. Esto ayuda a conocer las \u00e1reas de m\u00e1s \u00e9xito y aumentar y mejorar el contenido, con el resultado de que los usuarios obtengan una experiencia y servicio m\u00e1s satisfactorios.<\/li><li>La fecha y hora de acceso a nuestra web, con el fin de permitir averiguar las horas de m\u00e1s afluencia, y hacer los ajustes precisos para evitar problemas de saturaci\u00f3n en nuestras horas punta.<\/li><li>La fuente de tr\u00e1fico, que registra el origen del usuario, es decir, la direcci\u00f3n de Internet desde la que parte el link que dirige a nuestra web, con el fin de potenciar los distintos enlaces y banners que apuntan a nuestro servidor y que ofrecen mejores resultados.<\/li><\/ul><\/div><\/div><\/div><\/div><\/div><div id=\"md-live-text-5b9b5ae545557\" class=\"md-live-text md-live-text-new gizmo-container 5b9b5ae545557 md-align-center\"><div class=\"live-text-container\"><div class=\"meditor meditor-responsive inline-md-editor meditor-responsive\" data-letterspace=\"0\" data-lineheight=\"1.2\"><div><div><div><div><b><span class=\"\">\u00a0<\/span><\/b><\/div><div><b><span class=\"\">C\u00d3MO PUEDO CONFIGURAR O DESHABILITAR LAS COOKIES?<\/span><\/b><\/div><div><div><div><div><span class=\"\">Puede configurar su navegador para ser avisado de la recepci\u00f3n de cookies y negarse a aceptarlas activando la configuraci\u00f3n en el navegador que permite rechazarlas. No obstante, le advertimos que la desactivaci\u00f3n de las Cookies puede provocar la limitaci\u00f3n, o incluso imposibilidad de acceso a algunas de las funcionalidades de nuestra web, as\u00ed como algunos de los servicios pueden dejar de funcionar correctamente.<\/span><\/div><\/div><\/div><div><span class=\"\">\u00a0<\/span><\/div><div><span class=\"\">Para m\u00e1s detalle sobre la configuraci\u00f3n de las cookies en su navegador, consulte el men\u00fa \u201cAyuda\u201d del mismo.<\/span><\/div><div><span class=\"\">\u00a0<\/span><\/div><div><span class=\"\">Tambi\u00e9n le proponemos consultar los siguientes sitios web: Aboutcookies, youronlinechoices, Network Advertising Initiative o Digital Advertising Alliance donde encontrar\u00e1 explicaciones detalladas sobre c\u00f3mo eliminar las cookies de su ordenador y m\u00e1s informaci\u00f3n general sobre las mismas.<\/span><\/div><div><span class=\"\">\u00a0<\/span><\/div><div><span class=\"\"><b>Cookies de terceros \/ empresas colaboradoras<\/b><\/span><\/div><div><b>Google:\u00a0<\/b><\/div><div><span class=\"\">Google ofrece un gran n\u00famero de productos para ayudarnos a administrar nuestros anuncios y sitios web; entre los que se incluyen Google Analytics. Al visitar nuestro sitio web pueden enviarse algunas cookies a su navegador.<\/span><\/div><div><span class=\"\">Google Analytics es la herramienta de anal\u00edtica que ayuda a nuestro sitio web a entender el modo en que los usuarios interact\u00faan con sus propiedades. Puede utilizar un conjunto de cookies para recopilar informaci\u00f3n e informar de las estad\u00edsticas de uso de los sitios web sin identificar personalmente a los visitantes de Google. Consulte m\u00e1s informaci\u00f3n sobre las cookies de Google Analytics.<\/span><\/div><\/div><\/div><\/div><\/div><\/div><\/div><\/div><\/div><\/div><\/div>\t\t\t\t\t\t<\/div>\n\t\t\t\t<\/div>\n\t\t\t\t\t<\/div>\n\t\t<\/div>\n\t\t\t\t\t<\/div>\n\t\t<\/section>\n\t\t\t\t<\/div>\n\t\t","protected":false},"excerpt":{"rendered":"<p>Pol\u00edtica de cookies DEFINICI\u00d3N Y FUNCI\u00d3N DE LAS COOKIES De conformidad con lo establecido en la Ley 34\/2002 de Servicios de la Sociedad de la Informaci\u00f3n y Comercio Electr\u00f3nico, le informamos que este sitio web almacena informaci\u00f3n de las direcciones IP de los ordenadores y\/o dispositivos m\u00f3viles (tablets, smartphones, etc), y utiliza Cookies con el [&hellip;]<\/p>\n","protected":false},"author":4,"featured_media":0,"parent":0,"menu_order":0,"comment_status":"closed","ping_status":"closed","template":"","meta":{"pmpro_default_level":"","site-sidebar-layout":"no-sidebar","site-content-layout":"page-builder","ast-site-content-layout":"","site-content-style":"default","site-sidebar-style":"default","ast-global-header-display":"","ast-banner-title-visibility":"","ast-main-header-display":"","ast-hfb-above-header-display":"","ast-hfb-below-header-display":"","ast-hfb-mobile-header-display":"","site-post-title":"disabled","ast-breadcrumbs-content":"","ast-featured-img":"disabled","footer-sml-layout":"","theme-transparent-header-meta":"","adv-header-id-meta":"","stick-header-meta":"","header-above-stick-meta":"","header-main-stick-meta":"","header-below-stick-meta":"","astra-migrate-meta-layouts":"default","ast-page-background-enabled":"default","ast-page-background-meta":{"desktop":{"background-color":"var(--ast-global-color-4)","background-image":"","background-repeat":"repeat","background-position":"center center","background-size":"auto","background-attachment":"scroll","background-type":"","background-media":"","overlay-type":"","overlay-color":"","overlay-opacity":"","overlay-gradient":""},"tablet":{"background-color":"","background-image":"","background-repeat":"repeat","background-position":"center center","background-size":"auto","background-attachment":"scroll","background-type":"","background-media":"","overlay-type":"","overlay-color":"","overlay-opacity":"","overlay-gradient":""},"mobile":{"background-color":"","background-image":"","background-repeat":"repeat","background-position":"center center","background-size":"auto","background-attachment":"scroll","background-type":"","background-media":"","overlay-type":"","overlay-color":"","overlay-opacity":"","overlay-gradient":""}},"ast-content-background-meta":{"desktop":{"background-color":"var(--ast-global-color-5)","background-image":"","background-repeat":"repeat","background-position":"center center","background-size":"auto","background-attachment":"scroll","background-type":"","background-media":"","overlay-type":"","overlay-color":"","overlay-opacity":"","overlay-gradient":""},"tablet":{"background-color":"var(--ast-global-color-5)","background-image":"","background-repeat":"repeat","background-position":"center center","background-size":"auto","background-attachment":"scroll","background-type":"","background-media":"","overlay-type":"","overlay-color":"","overlay-opacity":"","overlay-gradient":""},"mobile":{"background-color":"var(--ast-global-color-5)","background-image":"","background-repeat":"repeat","background-position":"center center","background-size":"auto","background-attachment":"scroll","background-type":"","background-media":"","overlay-type":"","overlay-color":"","overlay-opacity":"","overlay-gradient":""}},"footnotes":""},"class_list":["post-17167","page","type-page","status-publish","hentry","pmpro-has-access"],"yoast_head":"<!-- This site is optimized with the Yoast SEO plugin v23.4 - https:\/\/yoast.com\/wordpress\/plugins\/seo\/ -->\n<title>Cookies - DBR Institute APS<\/title>\n<meta name=\"robots\" content=\"noindex, nofollow\" \/>\n<meta name=\"twitter:card\" content=\"summary_large_image\" \/>\n<meta name=\"twitter:title\" content=\"Cookies - DBR Institute APS\" \/>\n<meta name=\"twitter:description\" content=\"Pol\u00edtica de cookies DEFINICI\u00d3N Y FUNCI\u00d3N DE LAS COOKIES De conformidad con lo establecido en la Ley 34\/2002 de Servicios de la Sociedad de la Informaci\u00f3n y Comercio Electr\u00f3nico, le informamos que este sitio web almacena informaci\u00f3n de las direcciones IP de los ordenadores y\/o dispositivos m\u00f3viles (tablets, smartphones, etc), y utiliza Cookies con el [&hellip;]\" \/>\n<meta name=\"twitter:label1\" content=\"Tempo di lettura stimato\" \/>\n\t<meta name=\"twitter:data1\" content=\"4 minuti\" \/>\n<script type=\"application\/ld+json\" class=\"yoast-schema-graph\">{\"@context\":\"https:\/\/schema.org\",\"@graph\":[{\"@type\":\"WebPage\",\"@id\":\"https:\/\/up-jesuscasla.com\/it\/cookies\/\",\"url\":\"https:\/\/up-jesuscasla.com\/it\/cookies\/\",\"name\":\"Cookies - DBR Institute APS\",\"isPartOf\":{\"@id\":\"https:\/\/up-jesuscasla.com\/#website\"},\"datePublished\":\"2022-02-19T09:03:33+00:00\",\"dateModified\":\"2023-10-05T07:05:49+00:00\",\"breadcrumb\":{\"@id\":\"https:\/\/up-jesuscasla.com\/it\/cookies\/#breadcrumb\"},\"inLanguage\":\"it-IT\",\"potentialAction\":[{\"@type\":\"ReadAction\",\"target\":[\"https:\/\/up-jesuscasla.com\/it\/cookies\/\"]}]},{\"@type\":\"BreadcrumbList\",\"@id\":\"https:\/\/up-jesuscasla.com\/it\/cookies\/#breadcrumb\",\"itemListElement\":[{\"@type\":\"ListItem\",\"position\":1,\"name\":\"Portada\",\"item\":\"https:\/\/up-jesuscasla.com\/it\/\"},{\"@type\":\"ListItem\",\"position\":2,\"name\":\"Cookies\"}]},{\"@type\":\"WebSite\",\"@id\":\"https:\/\/up-jesuscasla.com\/#website\",\"url\":\"https:\/\/up-jesuscasla.com\/\",\"name\":\"DBR Institute APS\",\"description\":\"Escuela para terapeutas \u2013 consultores y especialistas de DESCODIFICACI\u00d3N BIOL\u00d3GICA REPARADORA\u00ae\",\"publisher\":{\"@id\":\"https:\/\/up-jesuscasla.com\/#organization\"},\"potentialAction\":[{\"@type\":\"SearchAction\",\"target\":{\"@type\":\"EntryPoint\",\"urlTemplate\":\"https:\/\/up-jesuscasla.com\/?s={search_term_string}\"},\"query-input\":{\"@type\":\"PropertyValueSpecification\",\"valueRequired\":true,\"valueName\":\"search_term_string\"}}],\"inLanguage\":\"it-IT\"},{\"@type\":\"Organization\",\"@id\":\"https:\/\/up-jesuscasla.com\/#organization\",\"name\":\"DBR Institute APS\",\"url\":\"https:\/\/up-jesuscasla.com\/\",\"logo\":{\"@type\":\"ImageObject\",\"inLanguage\":\"it-IT\",\"@id\":\"https:\/\/up-jesuscasla.com\/#\/schema\/logo\/image\/\",\"url\":\"http:\/\/up-jesuscasla.com\/wp-content\/uploads\/2021\/01\/cropped-logo-dbr-aps.png\",\"contentUrl\":\"http:\/\/up-jesuscasla.com\/wp-content\/uploads\/2021\/01\/cropped-logo-dbr-aps.png\",\"width\":560,\"height\":452,\"caption\":\"DBR Institute APS\"},\"image\":{\"@id\":\"https:\/\/up-jesuscasla.com\/#\/schema\/logo\/image\/\"},\"sameAs\":[\"https:\/\/www.facebook.com\/DBRCasla\"]}]}<\/script>\n<!-- \/ Yoast SEO plugin. -->","yoast_head_json":{"title":"Cookies - DBR Institute APS","robots":{"index":"noindex","follow":"nofollow"},"twitter_card":"summary_large_image","twitter_title":"Cookies - DBR Institute APS","twitter_description":"Pol\u00edtica de cookies DEFINICI\u00d3N Y FUNCI\u00d3N DE LAS COOKIES De conformidad con lo establecido en la Ley 34\/2002 de Servicios de la Sociedad de la Informaci\u00f3n y Comercio Electr\u00f3nico, le informamos que este sitio web almacena informaci\u00f3n de las direcciones IP de los ordenadores y\/o dispositivos m\u00f3viles (tablets, smartphones, etc), y utiliza Cookies con el [&hellip;]","twitter_misc":{"Tempo di lettura stimato":"4 minuti"},"schema":{"@context":"https:\/\/schema.org","@graph":[{"@type":"WebPage","@id":"https:\/\/up-jesuscasla.com\/it\/cookies\/","url":"https:\/\/up-jesuscasla.com\/it\/cookies\/","name":"Cookies - DBR Institute APS","isPartOf":{"@id":"https:\/\/up-jesuscasla.com\/#website"},"datePublished":"2022-02-19T09:03:33+00:00","dateModified":"2023-10-05T07:05:49+00:00","breadcrumb":{"@id":"https:\/\/up-jesuscasla.com\/it\/cookies\/#breadcrumb"},"inLanguage":"it-IT","potentialAction":[{"@type":"ReadAction","target":["https:\/\/up-jesuscasla.com\/it\/cookies\/"]}]},{"@type":"BreadcrumbList","@id":"https:\/\/up-jesuscasla.com\/it\/cookies\/#breadcrumb","itemListElement":[{"@type":"ListItem","position":1,"name":"Portada","item":"https:\/\/up-jesuscasla.com\/it\/"},{"@type":"ListItem","position":2,"name":"Cookies"}]},{"@type":"WebSite","@id":"https:\/\/up-jesuscasla.com\/#website","url":"https:\/\/up-jesuscasla.com\/","name":"DBR Institute APS","description":"Escuela para terapeutas \u2013 consultores y especialistas de DESCODIFICACI\u00d3N BIOL\u00d3GICA REPARADORA\u00ae","publisher":{"@id":"https:\/\/up-jesuscasla.com\/#organization"},"potentialAction":[{"@type":"SearchAction","target":{"@type":"EntryPoint","urlTemplate":"https:\/\/up-jesuscasla.com\/?s={search_term_string}"},"query-input":{"@type":"PropertyValueSpecification","valueRequired":true,"valueName":"search_term_string"}}],"inLanguage":"it-IT"},{"@type":"Organization","@id":"https:\/\/up-jesuscasla.com\/#organization","name":"DBR Institute APS","url":"https:\/\/up-jesuscasla.com\/","logo":{"@type":"ImageObject","inLanguage":"it-IT","@id":"https:\/\/up-jesuscasla.com\/#\/schema\/logo\/image\/","url":"http:\/\/up-jesuscasla.com\/wp-content\/uploads\/2021\/01\/cropped-logo-dbr-aps.png","contentUrl":"http:\/\/up-jesuscasla.com\/wp-content\/uploads\/2021\/01\/cropped-logo-dbr-aps.png","width":560,"height":452,"caption":"DBR Institute APS"},"image":{"@id":"https:\/\/up-jesuscasla.com\/#\/schema\/logo\/image\/"},"sameAs":["https:\/\/www.facebook.com\/DBRCasla"]}]}},"_links":{"self":[{"href":"https:\/\/up-jesuscasla.com\/it\/wp-json\/wp\/v2\/pages\/17167"}],"collection":[{"href":"https:\/\/up-jesuscasla.com\/it\/wp-json\/wp\/v2\/pages"}],"about":[{"href":"https:\/\/up-jesuscasla.com\/it\/wp-json\/wp\/v2\/types\/page"}],"author":[{"embeddable":true,"href":"https:\/\/up-jesuscasla.com\/it\/wp-json\/wp\/v2\/users\/4"}],"replies":[{"embeddable":true,"href":"https:\/\/up-jesuscasla.com\/it\/wp-json\/wp\/v2\/comments?post=17167"}],"version-history":[{"count":3,"href":"https:\/\/up-jesuscasla.com\/it\/wp-json\/wp\/v2\/pages\/17167\/revisions"}],"predecessor-version":[{"id":18611,"href":"https:\/\/up-jesuscasla.com\/it\/wp-json\/wp\/v2\/pages\/17167\/revisions\/18611"}],"wp:attachment":[{"href":"https:\/\/up-jesuscasla.com\/it\/wp-json\/wp\/v2\/media?parent=17167"}],"curies":[{"name":"wp","href":"https:\/\/api.w.org\/{rel}","templated":true}]}}