{"id":17106,"date":"2022-02-21T23:09:57","date_gmt":"2022-02-21T22:09:57","guid":{"rendered":"http:\/\/up-jesuscasla.com\/?page_id=17106"},"modified":"2023-10-05T09:49:51","modified_gmt":"2023-10-05T07:49:51","slug":"avviso-legale","status":"publish","type":"page","link":"https:\/\/up-jesuscasla.com\/it\/avviso-legale\/","title":{"rendered":"Avviso legale"},"content":{"rendered":"\t\t<div data-elementor-type=\"wp-page\" data-elementor-id=\"17106\" class=\"elementor elementor-17106 elementor-16944\" data-elementor-post-type=\"page\">\n\t\t\t\t\t\t<section class=\"elementor-section elementor-top-section elementor-element elementor-element-b1f127f elementor-section-boxed elementor-section-height-default elementor-section-height-default\" data-id=\"b1f127f\" data-element_type=\"section\">\n\t\t\t\t\t\t<div class=\"elementor-container elementor-column-gap-default\">\n\t\t\t\t\t<div class=\"elementor-column elementor-col-100 elementor-top-column elementor-element elementor-element-5bd336c\" data-id=\"5bd336c\" data-element_type=\"column\">\n\t\t\t<div class=\"elementor-widget-wrap elementor-element-populated\">\n\t\t\t\t\t\t<div class=\"elementor-element elementor-element-22bd8b7 elementor-widget elementor-widget-heading\" data-id=\"22bd8b7\" data-element_type=\"widget\" data-widget_type=\"heading.default\">\n\t\t\t\t<div class=\"elementor-widget-container\">\n\t\t\t<h2 class=\"elementor-heading-title elementor-size-default\">Avviso legale<\/h2>\t\t<\/div>\n\t\t\t\t<\/div>\n\t\t\t\t<div class=\"elementor-element elementor-element-44857aa elementor-widget elementor-widget-text-editor\" data-id=\"44857aa\" data-element_type=\"widget\" data-widget_type=\"text-editor.default\">\n\t\t\t\t<div class=\"elementor-widget-container\">\n\t\t\t\t\t\t\t<p>L&#8217;Universit\u00e0 Popolare Jes\u00fas Casla &#8211; DBR Institute APS, in applicazione della normativa vigente in materia di protezione dei dati personali, informa che i dati personali raccolti attraverso i moduli su supporto cartaceo o informatico, sono inclusi negli specifici archivi automatizzati degli utenti dei servizi dell&#8217;Universit\u00e0 Popolare Jes\u00fas Casla &#8211; DBR Institute APS.<\/p><p>La raccolta e il trattamento automatizzato dei dati personali ha lo scopo di mantenere il rapporto d&#8217;affari e lo svolgimento dei compiti di informazione, formazione, consulenza e altre attivit\u00e0 di Universit\u00e0 Popolare Jes\u00fas Casla &#8211; DBR Institute APS.<\/p><p>Questi dati non saranno trasferiti a nessuna entit\u00e0 al di fuori di Universit\u00e0 Popolare Jes\u00fas Casla &#8211; DBR Institute APS con la sola eccezione dell&#8217;obbligo legale o del mandato.<\/p><p>L&#8217;Universit\u00e0 Popolare Jes\u00fas Casla &#8211; DBR Institute APS adotta le misure necessarie per garantire la sicurezza, l&#8217;integrit\u00e0 e la riservatezza dei dati in conformit\u00e0 alle disposizioni del regolamento (UE) 2016\/679 del Parlamento europeo e del Consiglio, del 27 aprile 2016, relativo alla protezione delle persone fisiche con riguardo al trattamento dei dati personali, nonch\u00e9 alla libera circolazione di tali dati.<\/p><p>L&#8217;utente pu\u00f2 in qualsiasi momento esercitare i diritti di accesso, opposizione, rettifica e cancellazione riconosciuti nel suddetto regolamento (UE). Questi diritti possono essere esercitati dall&#8217;utente inviando una mail a: <a href=\"mailto:info@up-jesuscasla.com\">info@up-jesuscasla.com<\/a>.<\/p><p>L&#8217;utente dichiara che tutti i dati da lui forniti sono veri e corretti, e si impegna a mantenerli aggiornati, comunicando eventuali modifiche a Universit\u00e0 Popolare Jes\u00fas Casla &#8211; DBR Institute APS.<\/p><p><strong>Scopo del trattamento dei dati personali:<\/strong><\/p><p><b>Per quale scopo tratteremo i suoi dati personali?<\/b><\/p><ol><li>In caso di contrattazione dei servizi offerti per mantenere la relazione contrattuale, cos\u00ec come la gestione, amministrazione, informazione, fornitura e miglioramento del servizio.<\/li><li>Inviando le informazioni richieste attraverso i moduli forniti in formato digitale o fisico.<\/li><li>Invio di newsletter, cos\u00ec come comunicazioni commerciali di promozioni e\/o pubblicit\u00e0 della nostra entit\u00e0 e\/o del settore. In questo caso, c&#8217;\u00e8 una casella separata nei moduli e nei contratti che l&#8217;utente deve riempire volontariamente per ricevere queste informazioni.<\/li><\/ol><p>Le ricordiamo che pu\u00f2 opporsi all&#8217;invio di comunicazioni commerciali con qualsiasi mezzo e in qualsiasi momento inviando un&#8217;e-mail all&#8217;indirizzo indicato sopra.<\/p><p><b>Per quanto tempo saranno conservati i dati personali raccolti?<\/b><br \/>I dati personali forniti saranno conservati per tutto il tempo in cui viene mantenuta la relazione commerciale e non viene richiesta la loro cancellazione. Successivamente, saranno conservati per i periodi legalmente richiesti (a meno che, in entrambi i casi, il trattamento sia basato sul consenso dell&#8217;Utente e l&#8217;Utente lo revochi, nel qual caso saranno conservati fino alla ricezione di tale revoca).<br \/>Possiamo quindi garantire che i suoi dati non saranno conservati pi\u00f9 a lungo di quanto sia necessario per le finalit\u00e0 sopra descritte, fatta salva la conservazione che potrebbe essere necessaria per la formulazione, l&#8217;esercizio o la difesa di potenziali rivendicazioni e\/o per il tempo consentito dalla legge applicabile.<\/p><p><b>Legittimazione<\/b><br \/>Il trattamento dei suoi dati viene effettuato sulle seguenti basi giuridiche che legittimano lo stesso:<\/p><p>La richiesta di informazioni e\/o la contrattazione dei servizi di Universit\u00e0 Popolare Jes\u00fas Casla &#8211; DBR Institute APS i cui termini e condizioni saranno messi a vostra disposizione in ogni caso prima di una eventuale contrattazione.<br \/>Consenso libero, specifico, informato e inequivocabile, nella misura in cui la informiamo mettendo a sua disposizione la presente informativa sulla privacy, che dopo averla letta, se \u00e8 d&#8217;accordo, pu\u00f2 accettare tramite una dichiarazione o un&#8217;azione affermativa chiara, come barrare una casella prevista a tale scopo.<br \/>Se non ci fornisci i tuoi dati o se lo fai in modo errato o incompleto, non saremo in grado di trattare la tua richiesta, rendendoci impossibile fornirti le informazioni richieste o realizzare il contratto dei servizi.<\/p><p><b>Destinatari<\/b><br \/>I dati non saranno comunicati a terzi al di fuori di Universit\u00e0 Popolare Jes\u00fas Casla &#8211; DBR Institute APS, a meno che non siano legalmente obbligati a farlo.<br \/>Una fornitura ottimale del servizio offerto da Universit\u00e0 Popolare Jes\u00fas Casla &#8211; DBR Institute APS pu\u00f2 richiedere che altre terze parti Universit\u00e0 Popolare Jes\u00fas Casla &#8211; DBR Institute APS accedano ai dati personali dell&#8217;Utente come responsabili del trattamento.<\/p><p>Oltre a quanto sopra, Universit\u00e0 Popolare Jes\u00fas Casla &#8211; DBR Institute APS. potr\u00e0 trasferire o comunicare i dati personali per adempiere ai propri obblighi alla Pubblica Amministrazione nei casi in cui ci\u00f2 sia richiesto ai sensi della legislazione vigente in qualsiasi momento e, se del caso, anche ad altri organismi quali le Forze di Sicurezza dello Stato e la Magistratura.<\/p><p><b>Diritti dell&#8217;utente<\/b><\/p><p>Universit\u00e0 Popolare Jes\u00fas Casla &#8211; DBR Institute APS informa l&#8217;Utente della possibilit\u00e0 di esercitare i diritti di accesso, rettifica, opposizione, cancellazione, portabilit\u00e0 e limitazione del trattamento, nonch\u00e9 di rifiutare il trattamento automatizzato dei dati personali raccolti da Universit\u00e0 Popolare Jes\u00fas Casla &#8211; DBR Institute APS.<\/p><p>Questi diritti possono essere esercitati gratuitamente dall&#8217;Utente e, se del caso, dal suo rappresentante, mediante una richiesta. Questa richiesta deve includere le seguenti informazioni: nome e cognome dell&#8217;utente, indirizzo ai fini delle notifiche, fotocopia della carta d&#8217;identit\u00e0 nazionale o del passaporto, e la richiesta in cui viene fatta la richiesta. La informiamo inoltre che l&#8217;Utente pu\u00f2 esercitare i suddetti diritti inviando una e-mail a: info@up-jesuscasla.com<\/p><p>Oltre ai diritti di cui sopra, l&#8217;Utente avr\u00e0 il diritto di ritirare il consenso dato in qualsiasi momento attraverso la procedura descritta sopra, senza che tale ritiro del consenso pregiudichi la liceit\u00e0 del trattamento precedente al ritiro del consenso. Universit\u00e0 Popolare Jes\u00fas Casla &#8211; DBR Institute APS pu\u00f2 continuare a trattare i dati dell&#8217;Utente nella misura consentita dalla legge applicabile.<\/p><p><span style=\"font-style: inherit; font-weight: inherit; color: var( --e-global-color-text ); font-family: var( --e-global-typography-text-font-family ), Sans-serif;\">Universit\u00e0 Popolare Jes\u00fas Casla &#8211; DBR Institute APS ricorda all&#8217;utente che ha il diritto di presentare un reclamo all&#8217;autorit\u00e0 di controllo competente.<\/span><\/p><p><b>Misure di sicurezza attuate<\/b><\/p><p>L&#8217;Universit\u00e0 Popolare Jes\u00fas Casla &#8211; DBR Institute APS si impegna a rispettare l&#8217;obbligo di segretezza dei dati personali e il suo dovere di proteggerli, e adottare le misure necessarie per evitare l&#8217;alterazione, la perdita, il trattamento o l&#8217;accesso non autorizzato, in conformit\u00e0 con le disposizioni della legge applicabile.<\/p><p>L&#8217;Universit\u00e0 Popolare Jes\u00fas Casla &#8211; DBR Institute APS ha implementato le misure di sicurezza tecniche e organizzative necessarie per garantire la sicurezza dei vostri dati personali ed evitare la loro alterazione, perdita e trattamento e\/o accesso non autorizzato, dato lo stato della tecnologia, la natura dei dati memorizzati e i rischi a cui sono esposti, sia dall&#8217;azione umana che dall&#8217;ambiente fisico o naturale, in conformit\u00e0 con le disposizioni della normativa applicabile.<\/p><p><span style=\"font-style: inherit; font-weight: inherit; color: var( --e-global-color-text ); font-family: var( --e-global-typography-text-font-family ), Sans-serif;\">L&#8217;Universit\u00e0 Popolare Jes\u00fas Casla &#8211; DBR Institute APS si preoccupa della privacy e, al fine di rafforzare la riservatezza e l&#8217;integrit\u00e0 delle informazioni nella sua organizzazione, monitora, controlla e valuta continuamente i suoi processi per garantire il rispetto della privacy e la sicurezza delle informazioni, secondo gli standard internazionali.<\/span><\/p><p><span style=\"color: var( --e-global-color-text ); font-family: var( --e-global-typography-text-font-family ), Sans-serif; font-style: inherit;\"><b>Protezione delle informazioni ospitate<\/b><\/span><\/p><p>Universit\u00e0 Popolare Jes\u00fas Casla &#8211; DBR Institute APS effettua copie di backup dei contenuti ospitati sui suoi server, tuttavia non \u00e8 responsabile della perdita o della cancellazione accidentale dei dati da parte degli utenti. Allo stesso modo, non garantisce la sostituzione completa dei dati cancellati dagli utenti, poich\u00e9 i dati possono essere stati cancellati e\/o modificati durante il periodo di tempo trascorso dall&#8217;ultimo backup.<\/p><p>I servizi offerti, ad eccezione dei servizi di backup specifici, non includono la sostituzione dei contenuti conservati nelle copie di backup realizzate da Universit\u00e0 Popolare Jes\u00fas Casla &#8211; DBR Institute APS quando questa perdita \u00e8 imputabile all&#8217;utente; in questo caso, si determiner\u00e0 una tariffa in base alla complessit\u00e0 e al volume del recupero, sempre con la previa accettazione dell&#8217;utente.<\/p><p>La sostituzione dei dati cancellati \u00e8 inclusa nel prezzo del servizio solo quando la perdita del contenuto \u00e8 dovuta a cause imputabili a Universit\u00e0 Popolare Jes\u00fas Casla &#8211; DBR Institute APS.<\/p><p><span style=\"color: var( --e-global-color-text ); font-family: var( --e-global-typography-text-font-family ), Sans-serif; font-style: inherit;\"><b>Comunicazioni commerciali<\/b><\/span><\/p><p>In applicazione della LSSI, Universit\u00e0 Popolare Jes\u00fas Casla &#8211; DBR Institute APS non invier\u00e0 comunicazioni pubblicitarie o promozionali via e-mail o altri mezzi equivalenti di comunicazione elettronica che non siano stati precedentemente richiesti o espressamente autorizzati dai destinatari degli stessi.<\/p><p>Nel caso di utenti con i quali esiste un precedente rapporto contrattuale, Universit\u00e0 Popolare Jes\u00fas Casla &#8211; DBR Institute APS sar\u00e0 autorizzata a inviare comunicazioni commerciali relative a prodotti o servizi simili a quelli inizialmente contrattati con il cliente.<\/p><p>In ogni caso, l&#8217;utente, dopo aver dimostrato la propria identit\u00e0, pu\u00f2 richiedere di non ricevere pi\u00f9 informazioni commerciali attraverso i canali indicati sopra.<\/p>\t\t\t\t\t\t<\/div>\n\t\t\t\t<\/div>\n\t\t\t\t\t<\/div>\n\t\t<\/div>\n\t\t\t\t\t<\/div>\n\t\t<\/section>\n\t\t\t\t<\/div>\n\t\t","protected":false},"excerpt":{"rendered":"<p>Avviso legale L&#8217;Universit\u00e0 Popolare Jes\u00fas Casla &#8211; DBR Institute APS, in applicazione della normativa vigente in materia di protezione dei dati personali, informa che i dati personali raccolti attraverso i moduli su supporto cartaceo o informatico, sono inclusi negli specifici archivi automatizzati degli utenti dei servizi dell&#8217;Universit\u00e0 Popolare Jes\u00fas Casla &#8211; DBR Institute APS. La [&hellip;]<\/p>\n","protected":false},"author":4,"featured_media":0,"parent":0,"menu_order":0,"comment_status":"closed","ping_status":"closed","template":"","meta":{"pmpro_default_level":"","site-sidebar-layout":"no-sidebar","site-content-layout":"page-builder","ast-site-content-layout":"","site-content-style":"default","site-sidebar-style":"default","ast-global-header-display":"","ast-banner-title-visibility":"","ast-main-header-display":"","ast-hfb-above-header-display":"","ast-hfb-below-header-display":"","ast-hfb-mobile-header-display":"","site-post-title":"disabled","ast-breadcrumbs-content":"","ast-featured-img":"disabled","footer-sml-layout":"","theme-transparent-header-meta":"","adv-header-id-meta":"","stick-header-meta":"","header-above-stick-meta":"","header-main-stick-meta":"","header-below-stick-meta":"","astra-migrate-meta-layouts":"default","ast-page-background-enabled":"default","ast-page-background-meta":{"desktop":{"background-color":"var(--ast-global-color-4)","background-image":"","background-repeat":"repeat","background-position":"center center","background-size":"auto","background-attachment":"scroll","background-type":"","background-media":"","overlay-type":"","overlay-color":"","overlay-opacity":"","overlay-gradient":""},"tablet":{"background-color":"","background-image":"","background-repeat":"repeat","background-position":"center center","background-size":"auto","background-attachment":"scroll","background-type":"","background-media":"","overlay-type":"","overlay-color":"","overlay-opacity":"","overlay-gradient":""},"mobile":{"background-color":"","background-image":"","background-repeat":"repeat","background-position":"center center","background-size":"auto","background-attachment":"scroll","background-type":"","background-media":"","overlay-type":"","overlay-color":"","overlay-opacity":"","overlay-gradient":""}},"ast-content-background-meta":{"desktop":{"background-color":"var(--ast-global-color-5)","background-image":"","background-repeat":"repeat","background-position":"center center","background-size":"auto","background-attachment":"scroll","background-type":"","background-media":"","overlay-type":"","overlay-color":"","overlay-opacity":"","overlay-gradient":""},"tablet":{"background-color":"var(--ast-global-color-5)","background-image":"","background-repeat":"repeat","background-position":"center center","background-size":"auto","background-attachment":"scroll","background-type":"","background-media":"","overlay-type":"","overlay-color":"","overlay-opacity":"","overlay-gradient":""},"mobile":{"background-color":"var(--ast-global-color-5)","background-image":"","background-repeat":"repeat","background-position":"center center","background-size":"auto","background-attachment":"scroll","background-type":"","background-media":"","overlay-type":"","overlay-color":"","overlay-opacity":"","overlay-gradient":""}},"footnotes":""},"class_list":["post-17106","page","type-page","status-publish","hentry","pmpro-has-access"],"yoast_head":"<!-- This site is optimized with the Yoast SEO plugin v23.4 - https:\/\/yoast.com\/wordpress\/plugins\/seo\/ -->\n<title>Avviso legale - DBR Institute APS<\/title>\n<meta name=\"robots\" content=\"noindex, nofollow\" \/>\n<meta name=\"twitter:card\" content=\"summary_large_image\" \/>\n<meta name=\"twitter:title\" content=\"Avviso legale - DBR Institute APS\" \/>\n<meta name=\"twitter:description\" content=\"Avviso legale L&#8217;Universit\u00e0 Popolare Jes\u00fas Casla &#8211; DBR Institute APS, in applicazione della normativa vigente in materia di protezione dei dati personali, informa che i dati personali raccolti attraverso i moduli su supporto cartaceo o informatico, sono inclusi negli specifici archivi automatizzati degli utenti dei servizi dell&#8217;Universit\u00e0 Popolare Jes\u00fas Casla &#8211; DBR Institute APS. La [&hellip;]\" \/>\n<meta name=\"twitter:label1\" content=\"Tempo di lettura stimato\" \/>\n\t<meta name=\"twitter:data1\" content=\"8 minuti\" \/>\n<script type=\"application\/ld+json\" class=\"yoast-schema-graph\">{\"@context\":\"https:\/\/schema.org\",\"@graph\":[{\"@type\":\"WebPage\",\"@id\":\"https:\/\/up-jesuscasla.com\/it\/avviso-legale\/\",\"url\":\"https:\/\/up-jesuscasla.com\/it\/avviso-legale\/\",\"name\":\"Avviso legale - DBR Institute APS\",\"isPartOf\":{\"@id\":\"https:\/\/up-jesuscasla.com\/#website\"},\"datePublished\":\"2022-02-21T22:09:57+00:00\",\"dateModified\":\"2023-10-05T07:49:51+00:00\",\"breadcrumb\":{\"@id\":\"https:\/\/up-jesuscasla.com\/it\/avviso-legale\/#breadcrumb\"},\"inLanguage\":\"it-IT\",\"potentialAction\":[{\"@type\":\"ReadAction\",\"target\":[\"https:\/\/up-jesuscasla.com\/it\/avviso-legale\/\"]}]},{\"@type\":\"BreadcrumbList\",\"@id\":\"https:\/\/up-jesuscasla.com\/it\/avviso-legale\/#breadcrumb\",\"itemListElement\":[{\"@type\":\"ListItem\",\"position\":1,\"name\":\"Portada\",\"item\":\"https:\/\/up-jesuscasla.com\/it\/\"},{\"@type\":\"ListItem\",\"position\":2,\"name\":\"Avviso legale\"}]},{\"@type\":\"WebSite\",\"@id\":\"https:\/\/up-jesuscasla.com\/#website\",\"url\":\"https:\/\/up-jesuscasla.com\/\",\"name\":\"DBR Institute APS\",\"description\":\"Escuela para terapeutas \u2013 consultores y especialistas de DESCODIFICACI\u00d3N BIOL\u00d3GICA REPARADORA\u00ae\",\"publisher\":{\"@id\":\"https:\/\/up-jesuscasla.com\/#organization\"},\"potentialAction\":[{\"@type\":\"SearchAction\",\"target\":{\"@type\":\"EntryPoint\",\"urlTemplate\":\"https:\/\/up-jesuscasla.com\/?s={search_term_string}\"},\"query-input\":{\"@type\":\"PropertyValueSpecification\",\"valueRequired\":true,\"valueName\":\"search_term_string\"}}],\"inLanguage\":\"it-IT\"},{\"@type\":\"Organization\",\"@id\":\"https:\/\/up-jesuscasla.com\/#organization\",\"name\":\"DBR Institute APS\",\"url\":\"https:\/\/up-jesuscasla.com\/\",\"logo\":{\"@type\":\"ImageObject\",\"inLanguage\":\"it-IT\",\"@id\":\"https:\/\/up-jesuscasla.com\/#\/schema\/logo\/image\/\",\"url\":\"http:\/\/up-jesuscasla.com\/wp-content\/uploads\/2021\/01\/cropped-logo-dbr-aps.png\",\"contentUrl\":\"http:\/\/up-jesuscasla.com\/wp-content\/uploads\/2021\/01\/cropped-logo-dbr-aps.png\",\"width\":560,\"height\":452,\"caption\":\"DBR Institute APS\"},\"image\":{\"@id\":\"https:\/\/up-jesuscasla.com\/#\/schema\/logo\/image\/\"},\"sameAs\":[\"https:\/\/www.facebook.com\/DBRCasla\"]}]}<\/script>\n<!-- \/ Yoast SEO plugin. -->","yoast_head_json":{"title":"Avviso legale - DBR Institute APS","robots":{"index":"noindex","follow":"nofollow"},"twitter_card":"summary_large_image","twitter_title":"Avviso legale - DBR Institute APS","twitter_description":"Avviso legale L&#8217;Universit\u00e0 Popolare Jes\u00fas Casla &#8211; DBR Institute APS, in applicazione della normativa vigente in materia di protezione dei dati personali, informa che i dati personali raccolti attraverso i moduli su supporto cartaceo o informatico, sono inclusi negli specifici archivi automatizzati degli utenti dei servizi dell&#8217;Universit\u00e0 Popolare Jes\u00fas Casla &#8211; DBR Institute APS. La [&hellip;]","twitter_misc":{"Tempo di lettura stimato":"8 minuti"},"schema":{"@context":"https:\/\/schema.org","@graph":[{"@type":"WebPage","@id":"https:\/\/up-jesuscasla.com\/it\/avviso-legale\/","url":"https:\/\/up-jesuscasla.com\/it\/avviso-legale\/","name":"Avviso legale - DBR Institute APS","isPartOf":{"@id":"https:\/\/up-jesuscasla.com\/#website"},"datePublished":"2022-02-21T22:09:57+00:00","dateModified":"2023-10-05T07:49:51+00:00","breadcrumb":{"@id":"https:\/\/up-jesuscasla.com\/it\/avviso-legale\/#breadcrumb"},"inLanguage":"it-IT","potentialAction":[{"@type":"ReadAction","target":["https:\/\/up-jesuscasla.com\/it\/avviso-legale\/"]}]},{"@type":"BreadcrumbList","@id":"https:\/\/up-jesuscasla.com\/it\/avviso-legale\/#breadcrumb","itemListElement":[{"@type":"ListItem","position":1,"name":"Portada","item":"https:\/\/up-jesuscasla.com\/it\/"},{"@type":"ListItem","position":2,"name":"Avviso legale"}]},{"@type":"WebSite","@id":"https:\/\/up-jesuscasla.com\/#website","url":"https:\/\/up-jesuscasla.com\/","name":"DBR Institute APS","description":"Escuela para terapeutas \u2013 consultores y especialistas de DESCODIFICACI\u00d3N BIOL\u00d3GICA REPARADORA\u00ae","publisher":{"@id":"https:\/\/up-jesuscasla.com\/#organization"},"potentialAction":[{"@type":"SearchAction","target":{"@type":"EntryPoint","urlTemplate":"https:\/\/up-jesuscasla.com\/?s={search_term_string}"},"query-input":{"@type":"PropertyValueSpecification","valueRequired":true,"valueName":"search_term_string"}}],"inLanguage":"it-IT"},{"@type":"Organization","@id":"https:\/\/up-jesuscasla.com\/#organization","name":"DBR Institute APS","url":"https:\/\/up-jesuscasla.com\/","logo":{"@type":"ImageObject","inLanguage":"it-IT","@id":"https:\/\/up-jesuscasla.com\/#\/schema\/logo\/image\/","url":"http:\/\/up-jesuscasla.com\/wp-content\/uploads\/2021\/01\/cropped-logo-dbr-aps.png","contentUrl":"http:\/\/up-jesuscasla.com\/wp-content\/uploads\/2021\/01\/cropped-logo-dbr-aps.png","width":560,"height":452,"caption":"DBR Institute APS"},"image":{"@id":"https:\/\/up-jesuscasla.com\/#\/schema\/logo\/image\/"},"sameAs":["https:\/\/www.facebook.com\/DBRCasla"]}]}},"_links":{"self":[{"href":"https:\/\/up-jesuscasla.com\/it\/wp-json\/wp\/v2\/pages\/17106"}],"collection":[{"href":"https:\/\/up-jesuscasla.com\/it\/wp-json\/wp\/v2\/pages"}],"about":[{"href":"https:\/\/up-jesuscasla.com\/it\/wp-json\/wp\/v2\/types\/page"}],"author":[{"embeddable":true,"href":"https:\/\/up-jesuscasla.com\/it\/wp-json\/wp\/v2\/users\/4"}],"replies":[{"embeddable":true,"href":"https:\/\/up-jesuscasla.com\/it\/wp-json\/wp\/v2\/comments?post=17106"}],"version-history":[{"count":3,"href":"https:\/\/up-jesuscasla.com\/it\/wp-json\/wp\/v2\/pages\/17106\/revisions"}],"predecessor-version":[{"id":18633,"href":"https:\/\/up-jesuscasla.com\/it\/wp-json\/wp\/v2\/pages\/17106\/revisions\/18633"}],"wp:attachment":[{"href":"https:\/\/up-jesuscasla.com\/it\/wp-json\/wp\/v2\/media?parent=17106"}],"curies":[{"name":"wp","href":"https:\/\/api.w.org\/{rel}","templated":true}]}}